{"id":187,"date":"2023-03-09T11:59:06","date_gmt":"2023-03-09T11:59:06","guid":{"rendered":"https:\/\/devsta.eu\/?page_id=187"},"modified":"2023-04-06T19:34:37","modified_gmt":"2023-04-06T19:34:37","slug":"baza-znanja","status":"publish","type":"page","link":"https:\/\/change2value.si\/en\/knowledge-base\/","title":{"rendered":"Knowledge base"},"content":{"rendered":"<div data-elementor-type=\"wp-page\" data-elementor-id=\"187\" class=\"elementor elementor-187\" data-elementor-post-type=\"page\">\n\t\t\t\t<div class=\"elementor-element elementor-element-9eb8f4c e-flex e-con-boxed e-con e-parent\" data-id=\"9eb8f4c\" data-element_type=\"container\" data-settings=\"{&quot;background_background&quot;:&quot;classic&quot;}\">\n\t\t\t\t\t<div class=\"e-con-inner\">\n\t\t<div class=\"elementor-element elementor-element-35e6313 e-con-full e-flex e-con e-parent\" data-id=\"35e6313\" data-element_type=\"container\" data-settings=\"{&quot;background_background&quot;:&quot;classic&quot;}\">\n\t\t\t\t<div class=\"elementor-element elementor-element-73d1edb elementor-widget elementor-widget-heading\" data-id=\"73d1edb\" data-element_type=\"widget\" data-widget_type=\"heading.default\">\n\t\t\t\t<div class=\"elementor-widget-container\">\n\t\t\t\t\t<h1 class=\"elementor-heading-title elementor-size-default\">Knowledge base<\/h1>\t\t\t\t<\/div>\n\t\t\t\t<\/div>\n\t\t\t\t<\/div>\n\t\t<div class=\"elementor-element elementor-element-87d38b8 e-con-full elementor-hidden-tablet elementor-hidden-mobile e-flex e-con e-parent\" data-id=\"87d38b8\" data-element_type=\"container\">\n\t\t\t\t<\/div>\n\t\t\t\t\t<\/div>\n\t\t\t\t<\/div>\n\t\t<div class=\"elementor-element elementor-element-5b616ba e-flex e-con-boxed e-con e-parent\" data-id=\"5b616ba\" data-element_type=\"container\">\n\t\t\t\t\t<div class=\"e-con-inner\">\n\t\t\t\t<div class=\"elementor-element elementor-element-0ed54da elementor-widget elementor-widget-heading\" data-id=\"0ed54da\" data-element_type=\"widget\" data-widget_type=\"heading.default\">\n\t\t\t\t<div class=\"elementor-widget-container\">\n\t\t\t\t\t<h2 class=\"elementor-heading-title elementor-size-default\">Tools<\/h2>\t\t\t\t<\/div>\n\t\t\t\t<\/div>\n\t\t\t\t<div class=\"elementor-element elementor-element-4174f2c elementor-grid-3 elementor-grid-tablet-2 elementor-grid-mobile-1 elementor-posts--thumbnail-top elementor-card-shadow-yes elementor-posts__hover-gradient elementor-widget elementor-widget-posts\" data-id=\"4174f2c\" data-element_type=\"widget\" data-settings=\"{&quot;cards_columns&quot;:&quot;3&quot;,&quot;cards_columns_tablet&quot;:&quot;2&quot;,&quot;cards_columns_mobile&quot;:&quot;1&quot;,&quot;cards_row_gap&quot;:{&quot;unit&quot;:&quot;px&quot;,&quot;size&quot;:35,&quot;sizes&quot;:[]},&quot;cards_row_gap_tablet&quot;:{&quot;unit&quot;:&quot;px&quot;,&quot;size&quot;:&quot;&quot;,&quot;sizes&quot;:[]},&quot;cards_row_gap_mobile&quot;:{&quot;unit&quot;:&quot;px&quot;,&quot;size&quot;:&quot;&quot;,&quot;sizes&quot;:[]}}\" data-widget_type=\"posts.cards\">\n\t\t\t\t<div class=\"elementor-widget-container\">\n\t\t\t\t\t\t\t<div class=\"elementor-posts-container elementor-posts elementor-posts--skin-cards elementor-grid\">\n\t\t\t\t<article class=\"elementor-post elementor-grid-item post-11244 post type-post status-publish format-standard has-post-thumbnail hentry category-orodja\">\n\t\t\t<div class=\"elementor-post__card\">\n\t\t\t\t<a class=\"elementor-post__thumbnail__link\" href=\"https:\/\/change2value.si\/en\/2023\/03\/31\/adkar-ebooks\/\" tabindex=\"-1\" ><div class=\"elementor-post__thumbnail\"><img fetchpriority=\"high\" decoding=\"async\" width=\"300\" height=\"169\" src=\"https:\/\/change2value.si\/wp-content\/uploads\/2023\/03\/1-2-300x169.png\" class=\"attachment-medium size-medium wp-image-11951\" alt=\"\" srcset=\"https:\/\/change2value.si\/wp-content\/uploads\/2023\/03\/1-2-300x169.png 300w, https:\/\/change2value.si\/wp-content\/uploads\/2023\/03\/1-2-1024x576.png 1024w, https:\/\/change2value.si\/wp-content\/uploads\/2023\/03\/1-2-768x432.png 768w, https:\/\/change2value.si\/wp-content\/uploads\/2023\/03\/1-2-1536x864.png 1536w, https:\/\/change2value.si\/wp-content\/uploads\/2023\/03\/1-2-18x10.png 18w, https:\/\/change2value.si\/wp-content\/uploads\/2023\/03\/1-2-600x338.png 600w, https:\/\/change2value.si\/wp-content\/uploads\/2023\/03\/1-2.png 1920w\" sizes=\"(max-width: 300px) 100vw, 300px\" \/><\/div><\/a>\n\t\t\t\t<div class=\"elementor-post__badge\">Tools<\/div>\n\t\t\t\t<div class=\"elementor-post__text\">\n\t\t\t\t<h3 class=\"elementor-post__title\">\n\t\t\t<a href=\"https:\/\/change2value.si\/en\/2023\/03\/31\/adkar-ebooks\/\" >\n\t\t\t\tADKAR eBooks\t\t\t<\/a>\n\t\t<\/h3>\n\t\t\t\t<div class=\"elementor-post__excerpt\">\n\t\t\t<p>ADKAR eBooks Your success is our top objective. By now you\u2019ve been exposed to the Prosci ADKAR\u00ae\u00a0Model.\u00a0It\u2019s time to learn more about the building blocks<\/p>\n\t\t<\/div>\n\t\t\t\t<\/div>\n\t\t\t\t\t<\/div>\n\t\t<\/article>\n\t\t\t\t<article class=\"elementor-post elementor-grid-item post-11186 post type-post status-publish format-standard has-post-thumbnail hentry category-orodja\">\n\t\t\t<div class=\"elementor-post__card\">\n\t\t\t\t<a class=\"elementor-post__thumbnail__link\" href=\"https:\/\/change2value.si\/en\/2023\/03\/31\/project-health-assessment-pct-assessment\/\" tabindex=\"-1\" ><div class=\"elementor-post__thumbnail\"><img decoding=\"async\" width=\"300\" height=\"215\" src=\"https:\/\/change2value.si\/wp-content\/uploads\/2023\/03\/PCT-Ocena-300x215.png\" class=\"attachment-medium size-medium wp-image-11161\" alt=\"\" srcset=\"https:\/\/change2value.si\/wp-content\/uploads\/2023\/03\/PCT-Ocena-300x215.png 300w, https:\/\/change2value.si\/wp-content\/uploads\/2023\/03\/PCT-Ocena-768x551.png 768w, https:\/\/change2value.si\/wp-content\/uploads\/2023\/03\/PCT-Ocena-18x12.png 18w, https:\/\/change2value.si\/wp-content\/uploads\/2023\/03\/PCT-Ocena-600x430.png 600w, https:\/\/change2value.si\/wp-content\/uploads\/2023\/03\/PCT-Ocena.png 1000w\" sizes=\"(max-width: 300px) 100vw, 300px\" \/><\/div><\/a>\n\t\t\t\t<div class=\"elementor-post__badge\">Tools<\/div>\n\t\t\t\t<div class=\"elementor-post__text\">\n\t\t\t\t<h3 class=\"elementor-post__title\">\n\t\t\t<a href=\"https:\/\/change2value.si\/en\/2023\/03\/31\/project-health-assessment-pct-assessment\/\" >\n\t\t\t\tOcena zdravja projekta \u2013 PCT ocena\t\t\t<\/a>\n\t\t<\/h3>\n\t\t\t\t<div class=\"elementor-post__excerpt\">\n\t\t\t<p>Ocena zdravja projekta \u2013 PCT ocena PCT ocena ali ocena zdravja projekta se uporablja ob snovanju projekta in je namenjena hitri presoji razli\u010dnih dejavnikov, ki<\/p>\n\t\t<\/div>\n\t\t\t\t<\/div>\n\t\t\t\t\t<\/div>\n\t\t<\/article>\n\t\t\t\t<article class=\"elementor-post elementor-grid-item post-11209 post type-post status-publish format-standard has-post-thumbnail hentry category-orodja\">\n\t\t\t<div class=\"elementor-post__card\">\n\t\t\t\t<a class=\"elementor-post__thumbnail__link\" href=\"https:\/\/change2value.si\/en\/2023\/03\/31\/how-to-use-values-to-help-achieve-successful-change\/\" tabindex=\"-1\" ><div class=\"elementor-post__thumbnail\"><img decoding=\"async\" width=\"240\" height=\"300\" src=\"https:\/\/change2value.si\/wp-content\/uploads\/2023\/03\/Digitalna-transformacija-240x300-1.png\" class=\"attachment-medium size-medium wp-image-804\" alt=\"\" srcset=\"https:\/\/change2value.si\/wp-content\/uploads\/2023\/03\/Digitalna-transformacija-240x300-1.png 240w, https:\/\/change2value.si\/wp-content\/uploads\/2023\/03\/Digitalna-transformacija-240x300-1-10x12.png 10w\" sizes=\"(max-width: 240px) 100vw, 240px\" \/><\/div><\/a>\n\t\t\t\t<div class=\"elementor-post__badge\">Tools<\/div>\n\t\t\t\t<div class=\"elementor-post__text\">\n\t\t\t\t<h3 class=\"elementor-post__title\">\n\t\t\t<a href=\"https:\/\/change2value.si\/en\/2023\/03\/31\/how-to-use-values-to-help-achieve-successful-change\/\" >\n\t\t\t\tKako si z vrednotami pomagamo do uspe\u0161ne spremembe?\t\t\t<\/a>\n\t\t<\/h3>\n\t\t\t\t<div class=\"elementor-post__excerpt\">\n\t\t\t<p>Kako si z vrednotami pomagamo do uspe\u0161ne spremembe? Vrednote postavljajo snoven okvir organizaciji in se odra\u017eajo v vsakodnevnem \u017eivljenju in delu ljudi. Dolo\u010dajo kako se<\/p>\n\t\t<\/div>\n\t\t\t\t<\/div>\n\t\t\t\t\t<\/div>\n\t\t<\/article>\n\t\t\t\t<\/div>\n\t\t\n\t\t\t\t\t\t<\/div>\n\t\t\t\t<\/div>\n\t\t\t\t<div class=\"elementor-element elementor-element-1e886ed elementor-align-center elementor-widget elementor-widget-button\" data-id=\"1e886ed\" data-element_type=\"widget\" data-widget_type=\"button.default\">\n\t\t\t\t<div class=\"elementor-widget-container\">\n\t\t\t\t\t\t\t\t\t<div class=\"elementor-button-wrapper\">\n\t\t\t\t\t<a class=\"elementor-button elementor-button-link elementor-size-sm\" href=\"https:\/\/change2value.com\/orodja\/\">\n\t\t\t\t\t\t<span class=\"elementor-button-content-wrapper\">\n\t\t\t\t\t\t\t\t\t<span class=\"elementor-button-text\">All tools<\/span>\n\t\t\t\t\t<\/span>\n\t\t\t\t\t<\/a>\n\t\t\t\t<\/div>\n\t\t\t\t\t\t\t\t<\/div>\n\t\t\t\t<\/div>\n\t\t\t\t\t<\/div>\n\t\t\t\t<\/div>\n\t\t<div class=\"elementor-element elementor-element-2e7f2bd e-con-full e-flex e-con e-parent\" data-id=\"2e7f2bd\" data-element_type=\"container\">\n\t\t\t\t<div class=\"elementor-element elementor-element-913e8d0 elementor-widget-divider--view-line elementor-widget elementor-widget-divider\" data-id=\"913e8d0\" data-element_type=\"widget\" data-widget_type=\"divider.default\">\n\t\t\t\t<div class=\"elementor-widget-container\">\n\t\t\t\t\t\t\t<div class=\"elementor-divider\">\n\t\t\t<span class=\"elementor-divider-separator\">\n\t\t\t\t\t\t<\/span>\n\t\t<\/div>\n\t\t\t\t\t\t<\/div>\n\t\t\t\t<\/div>\n\t\t\t\t<\/div>\n\t\t<div class=\"elementor-element elementor-element-4a7a3f8 e-flex e-con-boxed e-con e-parent\" data-id=\"4a7a3f8\" data-element_type=\"container\">\n\t\t\t\t\t<div class=\"e-con-inner\">\n\t\t\t\t<div class=\"elementor-element elementor-element-76e6c67 elementor-widget elementor-widget-heading\" data-id=\"76e6c67\" data-element_type=\"widget\" data-widget_type=\"heading.default\">\n\t\t\t\t<div class=\"elementor-widget-container\">\n\t\t\t\t\t<h2 class=\"elementor-heading-title elementor-size-default\">Articles<\/h2>\t\t\t\t<\/div>\n\t\t\t\t<\/div>\n\t\t\t\t<div class=\"elementor-element elementor-element-3f216fc elementor-grid-3 elementor-grid-tablet-2 elementor-grid-mobile-1 elementor-posts--thumbnail-top elementor-card-shadow-yes elementor-posts__hover-gradient elementor-widget elementor-widget-posts\" data-id=\"3f216fc\" data-element_type=\"widget\" data-settings=\"{&quot;cards_columns&quot;:&quot;3&quot;,&quot;cards_columns_tablet&quot;:&quot;2&quot;,&quot;cards_columns_mobile&quot;:&quot;1&quot;,&quot;cards_row_gap&quot;:{&quot;unit&quot;:&quot;px&quot;,&quot;size&quot;:35,&quot;sizes&quot;:[]},&quot;cards_row_gap_tablet&quot;:{&quot;unit&quot;:&quot;px&quot;,&quot;size&quot;:&quot;&quot;,&quot;sizes&quot;:[]},&quot;cards_row_gap_mobile&quot;:{&quot;unit&quot;:&quot;px&quot;,&quot;size&quot;:&quot;&quot;,&quot;sizes&quot;:[]}}\" data-widget_type=\"posts.cards\">\n\t\t\t\t<div class=\"elementor-widget-container\">\n\t\t\t\t\t\t\t<div class=\"elementor-posts-container elementor-posts elementor-posts--skin-cards elementor-grid\">\n\t\t\t\t<article class=\"elementor-post elementor-grid-item post-6250 post type-post status-publish format-standard has-post-thumbnail hentry category-clanki\">\n\t\t\t<div class=\"elementor-post__card\">\n\t\t\t\t<a class=\"elementor-post__thumbnail__link\" href=\"https:\/\/change2value.si\/en\/2022\/03\/29\/unequivocal-clear-and-loud-goals-are-the-ones-who-pull\/\" tabindex=\"-1\" ><div class=\"elementor-post__thumbnail\"><img loading=\"lazy\" decoding=\"async\" width=\"300\" height=\"189\" src=\"https:\/\/change2value.si\/wp-content\/uploads\/2021\/10\/Kopija-izd.-Pise-300x189.jpg\" class=\"attachment-medium size-medium wp-image-5595\" alt=\"Pi\u0161e: \u0160pela Ramov\u0161 - change2value\" srcset=\"https:\/\/change2value.si\/wp-content\/uploads\/2021\/10\/Kopija-izd.-Pise-300x189.jpg 300w, https:\/\/change2value.si\/wp-content\/uploads\/2021\/10\/Kopija-izd.-Pise-18x12.jpg 18w, https:\/\/change2value.si\/wp-content\/uploads\/2021\/10\/Kopija-izd.-Pise-600x378.jpg 600w, https:\/\/change2value.si\/wp-content\/uploads\/2021\/10\/Kopija-izd.-Pise.jpg 700w\" sizes=\"(max-width: 300px) 100vw, 300px\" \/><\/div><\/a>\n\t\t\t\t<div class=\"elementor-post__badge\">Articles<\/div>\n\t\t\t\t<div class=\"elementor-post__text\">\n\t\t\t\t<h3 class=\"elementor-post__title\">\n\t\t\t<a href=\"https:\/\/change2value.si\/en\/2022\/03\/29\/unequivocal-clear-and-loud-goals-are-the-ones-who-pull\/\" >\n\t\t\t\tNedvoumni, jasni in glasni cilji so ti, ki vle\u010dejo!\t\t\t<\/a>\n\t\t<\/h3>\n\t\t\t\t<div class=\"elementor-post__excerpt\">\n\t\t\t<p>Pi\u0161e: \u0160pela Ramov\u0161 Ljudje \u017eivimo v slikah oziroma predstavah, ki jih nosimo okoli v svojih mislih. Ob besedi &#8221;stol&#8221; si vsakdo v svojih mislih izri\u0161e<\/p>\n\t\t<\/div>\n\t\t\t\t<\/div>\n\t\t\t\t\t<\/div>\n\t\t<\/article>\n\t\t\t\t<article class=\"elementor-post elementor-grid-item post-4240 post type-post status-publish format-standard has-post-thumbnail hentry category-clanki tag-change tag-change-management tag-change-management-plan tag-change2value tag-changeleadership tag-changemanagement tag-management_sprememb tag-manager-sprememb tag-people-manager tag-plan-upravljanja-sprememb tag-prosci tag-sponsor tag-sponzor tag-upravljanje-sprememb tag-vodenje tag-vodja tag-vodja-tima\">\n\t\t\t<div class=\"elementor-post__card\">\n\t\t\t\t<a class=\"elementor-post__thumbnail__link\" href=\"https:\/\/change2value.si\/en\/2021\/01\/16\/first-battle-line-of-deploying-change\/\" tabindex=\"-1\" ><div class=\"elementor-post__thumbnail\"><img loading=\"lazy\" decoding=\"async\" width=\"300\" height=\"191\" src=\"https:\/\/change2value.si\/wp-content\/uploads\/2021\/01\/spotlight-296834_1280-300x191.png\" class=\"attachment-medium size-medium wp-image-4241\" alt=\"\" srcset=\"https:\/\/change2value.si\/wp-content\/uploads\/2021\/01\/spotlight-296834_1280-300x191.png 300w, https:\/\/change2value.si\/wp-content\/uploads\/2021\/01\/spotlight-296834_1280-1024x651.png 1024w, https:\/\/change2value.si\/wp-content\/uploads\/2021\/01\/spotlight-296834_1280-768x488.png 768w, https:\/\/change2value.si\/wp-content\/uploads\/2021\/01\/spotlight-296834_1280-18x12.png 18w, https:\/\/change2value.si\/wp-content\/uploads\/2021\/01\/spotlight-296834_1280-600x382.png 600w, https:\/\/change2value.si\/wp-content\/uploads\/2021\/01\/spotlight-296834_1280.png 1280w\" sizes=\"(max-width: 300px) 100vw, 300px\" \/><\/div><\/a>\n\t\t\t\t<div class=\"elementor-post__badge\">Articles<\/div>\n\t\t\t\t<div class=\"elementor-post__text\">\n\t\t\t\t<h3 class=\"elementor-post__title\">\n\t\t\t<a href=\"https:\/\/change2value.si\/en\/2021\/01\/16\/first-battle-line-of-deploying-change\/\" >\n\t\t\t\tPrva \u00bbbojna\u00ab linija uvajanja sprememb\t\t\t<\/a>\n\t\t<\/h3>\n\t\t\t\t<div class=\"elementor-post__excerpt\">\n\t\t\t<p>Proces uvedbe spremembe zahteva dober na\u010drt in dobro koordinirane aktivnosti ter zavzetost celotne mre\u017ee klju\u010dnih posameznikov v organizaciji. Klju\u010dne vloge lahko razdelimo na 2 dela.<\/p>\n\t\t<\/div>\n\t\t\t\t<\/div>\n\t\t\t\t\t<\/div>\n\t\t<\/article>\n\t\t\t\t<article class=\"elementor-post elementor-grid-item post-4528 post type-post status-publish format-standard has-post-thumbnail hentry category-clanki\">\n\t\t\t<div class=\"elementor-post__card\">\n\t\t\t\t<a class=\"elementor-post__thumbnail__link\" href=\"https:\/\/change2value.si\/en\/2021\/04\/20\/top-5-tips-for-better-communication-in-times-of-change\/\" tabindex=\"-1\" ><div class=\"elementor-post__thumbnail\"><img loading=\"lazy\" decoding=\"async\" width=\"300\" height=\"190\" src=\"https:\/\/change2value.si\/wp-content\/uploads\/2021\/04\/adult-1822449_1280-300x190.jpg\" class=\"attachment-medium size-medium wp-image-4530\" alt=\"\" srcset=\"https:\/\/change2value.si\/wp-content\/uploads\/2021\/04\/adult-1822449_1280-300x190.jpg 300w, https:\/\/change2value.si\/wp-content\/uploads\/2021\/04\/adult-1822449_1280-1024x650.jpg 1024w, https:\/\/change2value.si\/wp-content\/uploads\/2021\/04\/adult-1822449_1280-768x487.jpg 768w, https:\/\/change2value.si\/wp-content\/uploads\/2021\/04\/adult-1822449_1280-18x12.jpg 18w, https:\/\/change2value.si\/wp-content\/uploads\/2021\/04\/adult-1822449_1280-600x381.jpg 600w, https:\/\/change2value.si\/wp-content\/uploads\/2021\/04\/adult-1822449_1280.jpg 1280w\" sizes=\"(max-width: 300px) 100vw, 300px\" \/><\/div><\/a>\n\t\t\t\t<div class=\"elementor-post__badge\">Articles<\/div>\n\t\t\t\t<div class=\"elementor-post__text\">\n\t\t\t\t<h3 class=\"elementor-post__title\">\n\t\t\t<a href=\"https:\/\/change2value.si\/en\/2021\/04\/20\/top-5-tips-for-better-communication-in-times-of-change\/\" >\n\t\t\t\t5 nasvetov za bolj\u0161o komunikacijo v \u010dasu sprememb\t\t\t<\/a>\n\t\t<\/h3>\n\t\t\t\t<div class=\"elementor-post__excerpt\">\n\t\t\t<p>U\u010dinkovita komunikacija je klju\u010dna pri vsakem projektu ali pobudi, ki vna\u0161a spremembo. Elektronsko sporo\u010dilo v ponedeljek z obvestilom o izobra\u017eevanju v sredo in \u0161tartom projekta<\/p>\n\t\t<\/div>\n\t\t\t\t<\/div>\n\t\t\t\t\t<\/div>\n\t\t<\/article>\n\t\t\t\t<\/div>\n\t\t\n\t\t\t\t\t\t<\/div>\n\t\t\t\t<\/div>\n\t\t\t\t<div class=\"elementor-element elementor-element-ab9411b elementor-align-center elementor-widget elementor-widget-button\" data-id=\"ab9411b\" data-element_type=\"widget\" data-widget_type=\"button.default\">\n\t\t\t\t<div class=\"elementor-widget-container\">\n\t\t\t\t\t\t\t\t\t<div class=\"elementor-button-wrapper\">\n\t\t\t\t\t<a class=\"elementor-button elementor-button-link elementor-size-sm\" href=\"https:\/\/change2value.com\/clanki\/\">\n\t\t\t\t\t\t<span class=\"elementor-button-content-wrapper\">\n\t\t\t\t\t\t\t\t\t<span class=\"elementor-button-text\">All articles<\/span>\n\t\t\t\t\t<\/span>\n\t\t\t\t\t<\/a>\n\t\t\t\t<\/div>\n\t\t\t\t\t\t\t\t<\/div>\n\t\t\t\t<\/div>\n\t\t\t\t\t<\/div>\n\t\t\t\t<\/div>\n\t\t\t\t<\/div>","protected":false},"excerpt":{"rendered":"<p>Baza znanja Orodja Vsa orodja \u010clanki Vsi \u010dlanki<\/p>","protected":false},"author":4,"featured_media":0,"parent":0,"menu_order":0,"comment_status":"closed","ping_status":"closed","template":"","meta":{"footnotes":""},"class_list":["post-187","page","type-page","status-publish","hentry"],"_links":{"self":[{"href":"https:\/\/change2value.si\/en\/wp-json\/wp\/v2\/pages\/187","targetHints":{"allow":["GET"]}}],"collection":[{"href":"https:\/\/change2value.si\/en\/wp-json\/wp\/v2\/pages"}],"about":[{"href":"https:\/\/change2value.si\/en\/wp-json\/wp\/v2\/types\/page"}],"author":[{"embeddable":true,"href":"https:\/\/change2value.si\/en\/wp-json\/wp\/v2\/users\/4"}],"replies":[{"embeddable":true,"href":"https:\/\/change2value.si\/en\/wp-json\/wp\/v2\/comments?post=187"}],"version-history":[{"count":28,"href":"https:\/\/change2value.si\/en\/wp-json\/wp\/v2\/pages\/187\/revisions"}],"predecessor-version":[{"id":11756,"href":"https:\/\/change2value.si\/en\/wp-json\/wp\/v2\/pages\/187\/revisions\/11756"}],"wp:attachment":[{"href":"https:\/\/change2value.si\/en\/wp-json\/wp\/v2\/media?parent=187"}],"curies":[{"name":"wp","href":"https:\/\/api.w.org\/{rel}","templated":true}]}}