{"id":819,"date":"2023-03-27T17:23:22","date_gmt":"2023-03-27T17:23:22","guid":{"rendered":"https:\/\/devsta.eu\/?page_id=819"},"modified":"2023-03-27T17:29:31","modified_gmt":"2023-03-27T17:29:31","slug":"kaksne-so-naloge-sponzorja","status":"publish","type":"page","link":"https:\/\/change2value.si\/en\/what-are-sponsor-tasks\/","title":{"rendered":"Kak\u0161ne so naloge sponzorja?"},"content":{"rendered":"<div data-elementor-type=\"wp-page\" data-elementor-id=\"819\" class=\"elementor elementor-819\" data-elementor-post-type=\"page\">\n\t\t\t\t<div class=\"elementor-element elementor-element-96fd15b e-flex e-con-boxed e-con e-parent\" data-id=\"96fd15b\" data-element_type=\"container\" data-settings=\"{&quot;background_background&quot;:&quot;classic&quot;}\">\n\t\t\t\t\t<div class=\"e-con-inner\">\n\t\t<div class=\"elementor-element elementor-element-105b9d5 e-con-full e-flex e-con e-parent\" data-id=\"105b9d5\" data-element_type=\"container\" data-settings=\"{&quot;background_background&quot;:&quot;classic&quot;}\">\n\t\t\t\t<div class=\"elementor-element elementor-element-0bfa7d1 elementor-widget elementor-widget-heading\" data-id=\"0bfa7d1\" data-element_type=\"widget\" data-widget_type=\"heading.default\">\n\t\t\t\t<div class=\"elementor-widget-container\">\n\t\t\t\t\t<h1 class=\"elementor-heading-title elementor-size-default\">Kak\u0161ne so naloge sponzorja?<\/h1>\t\t\t\t<\/div>\n\t\t\t\t<\/div>\n\t\t\t\t<\/div>\n\t\t<div class=\"elementor-element elementor-element-21621e7 e-con-full e-flex e-con e-parent\" data-id=\"21621e7\" data-element_type=\"container\">\n\t\t\t\t<\/div>\n\t\t\t\t\t<\/div>\n\t\t\t\t<\/div>\n\t\t<div class=\"elementor-element elementor-element-00857a6 e-flex e-con-boxed e-con e-parent\" data-id=\"00857a6\" data-element_type=\"container\">\n\t\t\t\t\t<div class=\"e-con-inner\">\n\t\t\t\t<div class=\"elementor-element elementor-element-ebf793f elementor-widget elementor-widget-text-editor\" data-id=\"ebf793f\" data-element_type=\"widget\" data-widget_type=\"text-editor.default\">\n\t\t\t\t<div class=\"elementor-widget-container\">\n\t\t\t\t\t\t\t\t\t<p>Primarni sponzor je vodja, ki odobri spremembo v organizaciji. Kot prejemnik koristi znotraj organizacije je odgovoren za to, da sprememba uresni\u010di predvidene koristi. Organizacijski nivo, na katerem je sponzor, je odvisen od stopnje tveganja, ki ga prina\u0161a sprememba. Pobuda z visokim tveganjem kot primarnega sponzorja zahteva vi\u0161jega izvr\u0161nega direktorja oz. vodjo. Pobudo z manj\u0161im tveganjem lahko sponzorira tudi vodja oddelka oz. vodja srednje ravni.<\/p><p>Odvisno od obsega in kompleksnosti spremembe lahko primarni sponzor vklju\u010di druge sponzorje, ki bodo po potrebi pripomogli k \u0161irjenju in napredovanju sprememb na specifi\u010dnih podro\u010djih organizacije. Tak\u0161en sponzor je lahko kateri koli vodja podjetja, izvr\u0161ni direktor ali direktor na srednji ravni, katerega udele\u017eba je potrebna za zagotovitev \u017eelenih rezultatov spremembe.<\/p>\t\t\t\t\t\t\t\t<\/div>\n\t\t\t\t<\/div>\n\t\t\t\t<div class=\"elementor-element elementor-element-b56d76b elementor-widget elementor-widget-heading\" data-id=\"b56d76b\" data-element_type=\"widget\" data-widget_type=\"heading.default\">\n\t\t\t\t<div class=\"elementor-widget-container\">\n\t\t\t\t\t<h2 class=\"elementor-heading-title elementor-size-default\">Prosci osrednje vloge upravljanja sprememb:<\/h2>\t\t\t\t<\/div>\n\t\t\t\t<\/div>\n\t\t\t\t<div class=\"elementor-element elementor-element-f8b2df4 elementor-widget elementor-widget-image\" data-id=\"f8b2df4\" data-element_type=\"widget\" data-widget_type=\"image.default\">\n\t\t\t\t<div class=\"elementor-widget-container\">\n\t\t\t\t\t\t\t\t\t\t\t\t\t\t\t<img fetchpriority=\"high\" decoding=\"async\" width=\"760\" height=\"665\" src=\"https:\/\/change2value.si\/wp-content\/uploads\/2023\/03\/Glavne-vloge.png\" class=\"attachment-full size-full wp-image-823\" alt=\"\" srcset=\"https:\/\/change2value.si\/wp-content\/uploads\/2023\/03\/Glavne-vloge.png 760w, https:\/\/change2value.si\/wp-content\/uploads\/2023\/03\/Glavne-vloge-300x263.png 300w, https:\/\/change2value.si\/wp-content\/uploads\/2023\/03\/Glavne-vloge-14x12.png 14w, https:\/\/change2value.si\/wp-content\/uploads\/2023\/03\/Glavne-vloge-600x525.png 600w\" sizes=\"(max-width: 760px) 100vw, 760px\" \/>\t\t\t\t\t\t\t\t\t\t\t\t\t\t\t<\/div>\n\t\t\t\t<\/div>\n\t\t\t\t<div class=\"elementor-element elementor-element-fc11a36 elementor-widget elementor-widget-text-editor\" data-id=\"fc11a36\" data-element_type=\"widget\" data-widget_type=\"text-editor.default\">\n\t\t\t\t<div class=\"elementor-widget-container\">\n\t\t\t\t\t\t\t\t\t<p>Sponzorji pa niso vodje sprememb. Namesto vodenja kot koordiniran del celotnega \u201corkestra\u201d izpolnjujejo svojo pomembno nalogo, ki jo usklajujejo z managerjem sprememb, vodjo projekta in vodji tima.<\/p><p>Re\u017eiser te predstave je manager sprememb. Ta vodi strategijo upravljanja sprememb iz ozadja in drugim omogo\u010da, da med uvajanjem spremembe opravljajo svoje vloge in omogo\u010dajo la\u017eji prehod skozi spremembo zaposlenim v organizaciji. Uspe\u0161na vklju\u010ditev ustreznega sponzorja (vodje) v pobudo vklju\u010duje njihovo pripravo in podporo pri aktivnostih, ki jih Prosci imenuje ABC sponzorstva. Le sponzor, ki ima dobro podporo in je na ta na\u010din primerno opremljen za podpro spremembi, lahko jasno in v preprostem jeziku artikulira svojo vlogo:<\/p><p>\u201cJaz, primarni sponzor te spremembe, prispevam k uspe\u0161nim spremembam<\/p><p>(s sprejetjem in uporabo) z dejavnim in vidnim sodelovanjem v celotnem projektu, oblikovanjem sponzorskih ekip ter sporo\u010danjem podpore in spodbujanjem sprememb. \u201d<\/p><h2 class=\"fusion-responsive-typography-calculated\" data-fontsize=\"34\" data-lineheight=\"49.98px\">ABC sponzorstvo<\/h2><p>Prosci ABC sponzorstva je rezultat ve\u010d kot dveh desetletij raziskav najbolj\u0161ih praks upravljanja sprememb, v katerih so udele\u017eenci opredelili najbolj kriti\u010dne vloge izvr\u0161nih sponzorjev v \u010dasu sprememb.<\/p><h4 class=\"fusion-responsive-typography-calculated\" data-fontsize=\"15\" data-lineheight=\"25.05px\">ABC u\u010dinkovitega sponzorstva so:<\/h4><p><strong>A) Aktivno in vidno sodelovanje v celotnem projektu<\/strong><\/p><p>Vloga aktivnega in vidnega sodelovanja primarnega sponzorja v projektu je bila v raziskavi navedena pogosteje kot katera koli druga aktivnost sponzorja. Udele\u017eenci \u0161tudije so opredelili seznam dejavnosti, ki predstavljajo tak\u0161no aktivno in vidno sponzorstvo \u2013 od zagovarjanja sprememb in dodeljevanja potrebnih sredstev do sodelovanja pri spremembah in podpore ekipi. Sponzorji morajo ostati aktivni tudi po udele\u017ebi na za\u010detnem projektnem sestanku. Njihova naloga je, da so aktivni skozi celoten proces. Njihova trajna prisotnost je potrebna za izgradnjo in ohranitev zagona za spremembe.<\/p><p><strong>B) Izgradnja sponzorske ekipe<\/strong><\/p><p>Udele\u017eenci raziskave so izrazili potrebo po tem, da primarni sponzor prevzame vodilno vlogo pri izgradnji in ohranjanju mo\u010dne sponzorske koalicije, ki bo pomagala podpreti spremembo. Primarni sponzor mora mobilizirati druge klju\u010dne vodje in dele\u017enike, da se ti zavzamejo za spremembo in jo legitimirajo v delu organizacije, za katero so odgovorni. Zdrava ekipa sponzorjev je \u0161e posebej pomembna za spremembe, ki se raztezajo skozi ve\u010d razli\u010dnih oddelkov znotraj organizacije.<\/p><p><strong>C) Komunikacija podpore in spodbujanje spremembe pri skupinah na katere sprememba vpliva<\/strong><\/p><p>Ljudje, na katere vplivajo spremembe, \u017eelijo sli\u0161ati, zakaj je sprememba pomembna od vodje v samem vrhu svoje organizacije. Vi\u0161ji vodje so najprimernej\u0161i po\u0161iljatelji sporo\u010dil o poslovnih razlogih za spremembo, pa tudi o tveganjih ali stro\u0161kih, ki lahko nastanejo, \u010de spremembe ne uvedemo. U\u010dinkovit primarni sponzor legitimira potrebo po spremembah v organizaciji in dolo\u010da prioriteto teh sprememb v neposrednem sodelovanju z zaposlenimi.<\/p><p>\u010ceprav so te vloge klju\u010dnega pomena za uspeh vsake pobude za spremembo, v praksi mnogi vodstveni delavci in odlo\u010devalci teh vlog ne izpolnjujejo u\u010dinkovito. Spodnja slika prikazuje odstotek udele\u017eencev raziskave, ki so izjavili, da so bili njihovi sponzorji pri treh zgoraj opisanih nalogah, neu\u010dinkoviti ali pa celo popolnoma neu\u010dinkoviti. Vloga, ki je sponzorjem predstavljala najve\u010dji izziv, je bila izgradnja sponzorske koalicije.<\/p>\t\t\t\t\t\t\t\t<\/div>\n\t\t\t\t<\/div>\n\t\t\t\t<div class=\"elementor-element elementor-element-983c117 elementor-widget elementor-widget-heading\" data-id=\"983c117\" data-element_type=\"widget\" data-widget_type=\"heading.default\">\n\t\t\t\t<div class=\"elementor-widget-container\">\n\t\t\t\t\t<h2 class=\"elementor-heading-title elementor-size-default\">Graf: Slabe prakse vklju\u010devanja sponzorja v proces<\/h2>\t\t\t\t<\/div>\n\t\t\t\t<\/div>\n\t\t\t\t<div class=\"elementor-element elementor-element-56d1d80 elementor-widget elementor-widget-image\" data-id=\"56d1d80\" data-element_type=\"widget\" data-widget_type=\"image.default\">\n\t\t\t\t<div class=\"elementor-widget-container\">\n\t\t\t\t\t\t\t\t\t\t\t\t\t\t\t<img decoding=\"async\" width=\"600\" height=\"508\" src=\"https:\/\/change2value.si\/wp-content\/uploads\/2023\/03\/Graf-slabe-prakse.png\" class=\"attachment-full size-full wp-image-821\" alt=\"\" srcset=\"https:\/\/change2value.si\/wp-content\/uploads\/2023\/03\/Graf-slabe-prakse.png 600w, https:\/\/change2value.si\/wp-content\/uploads\/2023\/03\/Graf-slabe-prakse-300x254.png 300w, https:\/\/change2value.si\/wp-content\/uploads\/2023\/03\/Graf-slabe-prakse-14x12.png 14w\" sizes=\"(max-width: 600px) 100vw, 600px\" \/>\t\t\t\t\t\t\t\t\t\t\t\t\t\t\t<\/div>\n\t\t\t\t<\/div>\n\t\t\t\t<div class=\"elementor-element elementor-element-3b95960 elementor-widget elementor-widget-text-editor\" data-id=\"3b95960\" data-element_type=\"widget\" data-widget_type=\"text-editor.default\">\n\t\t\t\t<div class=\"elementor-widget-container\">\n\t\t\t\t\t\t\t\t\t<p>Pomen sponzorjev v \u010dasu sprememb<\/p><p>Raziskava Prosci ka\u017ee, da so sponzorji za uspeh spremembe klju\u010dni. Oni so tista spremenljivka, ki je lahko razlika med uspe\u0161nim in neuspe\u0161nim projektom ali iniciativo. Razumevanje te raziskave lahko pomaga managerjem sprememb pri komunikaciji z vodstvom, saj rezultati jasno poka\u017eejo mo\u010dno korelacijo med uspehom iniciative in delom sponzorjev, ki so odgovorni za to iniciativo.<\/p><p>V \u010dasu spremembe so primarni sponzorji in sponzorji:<\/p><h4 class=\"fusion-responsive-typography-calculated\" data-fontsize=\"15\" data-lineheight=\"25.05px\">Najve\u010dji dejavnik uspeha<\/h4><p>Udele\u017eenci \u0161tudije o najbolj\u0161ih praksah upravljanja sprememb so kot klju\u010dni dejavnik za uspeh pri spremembi izpostavili aktivno in vidno sponzorstvo. To je bil najpogostej\u0161i odgovor prav na vsaki dvoletni raziskavi, ki jih Prosci pripravlja \u017ee od leta 1998. \u010ceprav se je v disciplini upravljanja sprememb v zadnjih dveh desetletjih veliko spremenilo, je pomen vloge primarnega sponzorja pri spremembah ostal nespremenjen.<\/p><h4 class=\"fusion-responsive-typography-calculated\" data-fontsize=\"15\" data-lineheight=\"25.05px\">Najve\u010dja ovira za uspeh<\/h4><p>Na vpra\u0161anje, naj opredelijo najve\u010djo oviro za uspeh, so udele\u017eenci iste \u0161tudije kot primarno oviro za uspeh ugotovili pomanjkanje podpore s strani vodstva in aktivnega sponzorstva. Neu\u010dinkoviti primarni sponzorji niso razumeli svoje vloge pri spremembah, niso zagotovili potrebnih sredstev ali jasno komunicirali namena spremembe. Bili so ali neaktivni in nevidni, ali pa niso bili na pravi ravni organizacijske hierarhije. Pogosto tudi niso zagotovili \u0161iroke podpore spremembi pri ostalih vodjih oz. izgradili koalicije sponzorjev, ali pa celo omahovali pri podpori spremembi na sploh. Rezultat neu\u010dinkovitega sponzorstva je bilo ve\u010d odpora in po\u010dasnej\u0161i napredek pri uresni\u010devanju \u017eelenih rezultatov organizacije.<\/p><h4 class=\"fusion-responsive-typography-calculated\" data-fontsize=\"15\" data-lineheight=\"25.05px\">Klju\u010dni \u017ee na za\u010detku spremembe<\/h4><p>Vklju\u010ditev vodstva in prej\u0161nje izku\u0161nje z upravljanjem sprememb klju\u010dno vplivajo na to, da v organizaciji pri\u010dnejo z aktivnostmi upravljanja sprememb v zgodnjih fazah projekta. Raziskava Prosci ka\u017ee, da ima pri\u010detek aktivnosti upravljanja sprememb na za\u010detku \u017eivljenjskega cikla projekta pomembno pozitiven vpliv na poslovne rezultate.<\/p><h4 class=\"fusion-responsive-typography-calculated\" data-fontsize=\"15\" data-lineheight=\"25.05px\">Prednostni komunikatorji o spremembah<\/h4><p>Da bi zaposleni \u010dim bolje sprejeli spremembo, potrebujejo dovolj informacij o spremembi. Raziskava je pokazala, da sta posebej pomembni dve vlogi v organizaciji: neposredni vodje zaposlenih in izvr\u0161no vodstvo podjetja. Prvi komunicirajo predvsem spremembe, ki jih bodo neposredno ob\u010dutili zaposleni pri svojem delu, drugi pa o poslovni naravi in potrebi za spremembo.<\/p><p>Poleg tega, da imajo primarni sponzorji pomemben vpliv na uspeh pobud za spremembe na makro ravni, imajo tudi klju\u010dno vlogo pri neposrednem obve\u0161\u010danju zaposlenih o tem, zakaj je prememba potrebna.<\/p><h4 class=\"fusion-responsive-typography-calculated\" data-fontsize=\"15\" data-lineheight=\"25.05px\">Pogosto niso obve\u0161\u010deni o svoji vlogi<\/h4><p>Udele\u017eenci raziskave so povedali, da so njihovi vodje in izvr\u0161ne vodje pripravljeni prevzeti vlogo sponzorja sprememb. Te\u017eava pa je, da mnogi niso popolnoma razumeli, kaj ta vloga pomeni. Spodnja slika prikazuje, kako dobro so voditelji razumeli svojo vlogo in odgovornosti sponzorjev sprememb. Ve\u010d kot 50% udele\u017eencev je poro\u010dalo, da njihovi sponzorji niso dobro razumeli vloge sponzorja.<\/p>\t\t\t\t\t\t\t\t<\/div>\n\t\t\t\t<\/div>\n\t\t\t\t<div class=\"elementor-element elementor-element-bd0b69d elementor-widget elementor-widget-heading\" data-id=\"bd0b69d\" data-element_type=\"widget\" data-widget_type=\"heading.default\">\n\t\t\t\t<div class=\"elementor-widget-container\">\n\t\t\t\t\t<h2 class=\"elementor-heading-title elementor-size-default\">Graf: Sponzorjevo razumevanje<\/h2>\t\t\t\t<\/div>\n\t\t\t\t<\/div>\n\t\t\t\t<div class=\"elementor-element elementor-element-f0212c4 elementor-widget elementor-widget-image\" data-id=\"f0212c4\" data-element_type=\"widget\" data-widget_type=\"image.default\">\n\t\t\t\t<div class=\"elementor-widget-container\">\n\t\t\t\t\t\t\t\t\t\t\t\t\t\t\t<img decoding=\"async\" width=\"514\" height=\"441\" src=\"https:\/\/change2value.si\/wp-content\/uploads\/2023\/03\/Sponzorjevo-razumevanje.png\" class=\"attachment-full size-full wp-image-822\" alt=\"\" srcset=\"https:\/\/change2value.si\/wp-content\/uploads\/2023\/03\/Sponzorjevo-razumevanje.png 514w, https:\/\/change2value.si\/wp-content\/uploads\/2023\/03\/Sponzorjevo-razumevanje-300x257.png 300w, https:\/\/change2value.si\/wp-content\/uploads\/2023\/03\/Sponzorjevo-razumevanje-14x12.png 14w\" sizes=\"(max-width: 514px) 100vw, 514px\" \/>\t\t\t\t\t\t\t\t\t\t\t\t\t\t\t<\/div>\n\t\t\t\t<\/div>\n\t\t\t\t<div class=\"elementor-element elementor-element-ca95930 elementor-widget elementor-widget-text-editor\" data-id=\"ca95930\" data-element_type=\"widget\" data-widget_type=\"text-editor.default\">\n\t\t\t\t<div class=\"elementor-widget-container\">\n\t\t\t\t\t\t\t\t\t<p>Klju\u010dnega pomena za doseganje rezultatov projektov<\/p><p>Prosci raziskava dosledno dokazuje, da je uspe\u0161nost sponzorjev klju\u010dnega pomena za uspeh projekta. Udele\u017eenci zadnje raziskave so poro\u010dali, da je u\u010dinkovitost sponzorjev neposredno vplivala na to, ali je projekt dosegel cilje. Projekti z izjemno u\u010dinkovitim sponzorjem so dosegli ali presegli cilje kar ve\u010d kot dvakrat pogosteje kot tisti z zelo neu\u010dinkovitim sponzorjem.<\/p><p>Grafikon prikazuje, kako je sponzorjeva vloga vplivala pri procesu uvajanja sprememb.<\/p>\t\t\t\t\t\t\t\t<\/div>\n\t\t\t\t<\/div>\n\t\t\t\t<div class=\"elementor-element elementor-element-1f402ca elementor-widget elementor-widget-heading\" data-id=\"1f402ca\" data-element_type=\"widget\" data-widget_type=\"heading.default\">\n\t\t\t\t<div class=\"elementor-widget-container\">\n\t\t\t\t\t<h2 class=\"elementor-heading-title elementor-size-default\">Graf: Sponzorjevo razumevanje<\/h2>\t\t\t\t<\/div>\n\t\t\t\t<\/div>\n\t\t\t\t<div class=\"elementor-element elementor-element-f380482 elementor-widget elementor-widget-image\" data-id=\"f380482\" data-element_type=\"widget\" data-widget_type=\"image.default\">\n\t\t\t\t<div class=\"elementor-widget-container\">\n\t\t\t\t\t\t\t\t\t\t\t\t\t\t\t<img loading=\"lazy\" decoding=\"async\" width=\"599\" height=\"302\" src=\"https:\/\/change2value.si\/wp-content\/uploads\/2023\/03\/Grafikon.png\" class=\"attachment-full size-full wp-image-825\" alt=\"\" srcset=\"https:\/\/change2value.si\/wp-content\/uploads\/2023\/03\/Grafikon.png 599w, https:\/\/change2value.si\/wp-content\/uploads\/2023\/03\/Grafikon-300x151.png 300w, https:\/\/change2value.si\/wp-content\/uploads\/2023\/03\/Grafikon-18x9.png 18w\" sizes=\"(max-width: 599px) 100vw, 599px\" \/>\t\t\t\t\t\t\t\t\t\t\t\t\t\t\t<\/div>\n\t\t\t\t<\/div>\n\t\t\t\t<div class=\"elementor-element elementor-element-4c5a907 elementor-widget elementor-widget-text-editor\" data-id=\"4c5a907\" data-element_type=\"widget\" data-widget_type=\"text-editor.default\">\n\t\t\t\t<div class=\"elementor-widget-container\">\n\t\t\t\t\t\t\t\t\t<p>Managerji sprememb so tisti, ki omogo\u010dajo delovanje vseh vlog<\/p><p>Sponzorji imajo klju\u010dno vlogo pri spremembah, vendar samo informacije ne bodo uspe\u0161ne. Da bi sponzorjem pomagali izpolniti ABC-je sponzorstva, morajo pomembno vlogo v organizaciji nositi tudi managerji sprememb. Aktivnosti, ki jih ti izvajajo vklju\u010dujejo pojasnitev vloge sponzorju, zagotavljanje podatkov raziskav in dobrih praks, pou\u010devanje in spodbujanja sponzorjev, pomo\u010d pri takti\u010dnih odgovornostih in pri vzpostavitvi uspe\u0161nega sponzorstva na splo\u0161no. Sponzor in manager sprememb sta klju\u010dna partnerja pri planiranju in izvajanju aktivnosti, ki zagotavljajo uspe\u0161no zagotovitev poslovnih u\u010dinkov sprememb.<\/p><p>https:\/\/www.prosci.com\/resources\/articles\/primary-sponsors-role-and-importance<\/p>\t\t\t\t\t\t\t\t<\/div>\n\t\t\t\t<\/div>\n\t\t\t\t\t<\/div>\n\t\t\t\t<\/div>\n\t\t\t\t<\/div>","protected":false},"excerpt":{"rendered":"<p>Kak\u0161ne so naloge sponzorja? Primarni sponzor je vodja, ki odobri spremembo v organizaciji. Kot prejemnik koristi znotraj organizacije je odgovoren za to, da sprememba uresni\u010di predvidene koristi. Organizacijski nivo, na katerem je sponzor, je odvisen od stopnje tveganja, ki ga prina\u0161a sprememba. Pobuda z visokim tveganjem kot primarnega sponzorja zahteva vi\u0161jega izvr\u0161nega direktorja oz. vodjo. [&hellip;]<\/p>","protected":false},"author":4,"featured_media":0,"parent":0,"menu_order":0,"comment_status":"closed","ping_status":"closed","template":"","meta":{"footnotes":""},"class_list":["post-819","page","type-page","status-publish","hentry"],"_links":{"self":[{"href":"https:\/\/change2value.si\/en\/wp-json\/wp\/v2\/pages\/819","targetHints":{"allow":["GET"]}}],"collection":[{"href":"https:\/\/change2value.si\/en\/wp-json\/wp\/v2\/pages"}],"about":[{"href":"https:\/\/change2value.si\/en\/wp-json\/wp\/v2\/types\/page"}],"author":[{"embeddable":true,"href":"https:\/\/change2value.si\/en\/wp-json\/wp\/v2\/users\/4"}],"replies":[{"embeddable":true,"href":"https:\/\/change2value.si\/en\/wp-json\/wp\/v2\/comments?post=819"}],"version-history":[{"count":4,"href":"https:\/\/change2value.si\/en\/wp-json\/wp\/v2\/pages\/819\/revisions"}],"predecessor-version":[{"id":828,"href":"https:\/\/change2value.si\/en\/wp-json\/wp\/v2\/pages\/819\/revisions\/828"}],"wp:attachment":[{"href":"https:\/\/change2value.si\/en\/wp-json\/wp\/v2\/media?parent=819"}],"curies":[{"name":"wp","href":"https:\/\/api.w.org\/{rel}","templated":true}]}}